{"id":111,"date":"2022-10-21T10:27:31","date_gmt":"2022-10-21T08:27:31","guid":{"rendered":"http:\/\/sebastian-pank.de\/wordpress\/?page_id=111"},"modified":"2022-10-23T18:16:06","modified_gmt":"2022-10-23T16:16:06","slug":"musiker","status":"publish","type":"page","link":"https:\/\/sebastian-pank.de\/wordpress\/musiker\/","title":{"rendered":"Musiker"},"content":{"rendered":"\n<figure class=\"wp-block-audio\"><audio controls src=\"http:\/\/sebastian-pank.de\/wp-content\/uploads\/2022\/10\/Gregorianik-und-Saxophon-Mix.mp3\"><\/audio><\/figure>\n\n\n\n<p class=\"has-small-font-size\">Saxophon Improvisation zu Ges\u00e4ngen des montalb\u00e2ne ensembles<\/p>\n\n\n\n<figure class=\"wp-block-audio\"><audio controls src=\"http:\/\/sebastian-pank.de\/wp-content\/uploads\/2022\/10\/e-moll-III-Mix-220101.mp3\"><\/audio><\/figure>\n\n\n\n<p class=\"has-small-font-size\">Saxophon Improvisation zu Bachs Gambensonate mit dem Trio Johannes K\u00f6nig<\/p>\n\n\n\n<figure class=\"wp-block-audio\"><audio controls src=\"http:\/\/sebastian-pank.de\/wp-content\/uploads\/2022\/10\/04-Wiegenlied.mp3\"><\/audio><\/figure>\n\n\n\n<p class=\"has-small-font-size\">mit dem Ensemble La Terra e Fratoj : Noemi la Terra, Tobias Rank und Dietrich Z\u00f6llner<\/p>\n\n\n\n<figure class=\"wp-block-audio\"><audio controls src=\"http:\/\/sebastian-pank.de\/wp-content\/uploads\/2022\/10\/09-Hymnus_-Da-pater-omnipotens.mp3\"><\/audio><\/figure>\n\n\n\n<p class=\"has-small-font-size\">von der CD \u00bb<a href=\"https:\/\/www.asinamusic.com\/de\/tal90018.html\">De Monasteria<\/a>\u00ab mit dem montalb\u00e2ne ensemble<\/p>\n\n\n\n<div class=\"wp-block-soliloquy-soliloquywp\"><div aria-live=\"polite\" id=\"soliloquy-container-190\" class=\"soliloquy-container soliloquy-transition-fade  soliloquy-theme-base\" style=\"max-width:563px;max-height:400px;\"><ul id=\"soliloquy-190\" class=\"soliloquy-slider soliloquy-slides soliloquy-wrap soliloquy-clear\"><li aria-hidden=\"true\" class=\"soliloquy-item soliloquy-item-1 soliloquy-image-slide\" draggable=\"false\" style=\"list-style:none\"><img decoding=\"async\" id=\"soliloquy-image-191\" class=\"soliloquy-image soliloquy-image-1\" src=\"https:\/\/sebastian-pank.de\/wp-content\/uploads\/2022\/10\/444A2F45-CBF3-4F89-BBB1-8047F369E55C_1_105_c-1-563x400_c.jpeg\" alt=\"444A2F45-CBF3-4F89-BBB1-8047F369E55C_1_105_c\" \/><\/li><li aria-hidden=\"true\" class=\"soliloquy-item soliloquy-item-2 soliloquy-image-slide\" draggable=\"false\" style=\"list-style:none\"><img decoding=\"async\" id=\"soliloquy-image-198\" class=\"soliloquy-image soliloquy-image-2\" src=\"https:\/\/sebastian-pank.de\/wp-content\/uploads\/2022\/10\/31B702DC-3B00-4F8D-8471-9C09B6D46FBA_1_105_c-563x400_c.jpeg\" alt=\"31B702DC-3B00-4F8D-8471-9C09B6D46FBA_1_105_c\" \/><\/li><\/ul><\/div><noscript><style type=\"text\/css\">#soliloquy-container-190{opacity:1}<\/style><\/noscript><\/div>\n\n\n\n<p><br><br>Da ich das Gl\u00fcck hatte in einem musikalischen Elternhaus aufzuwachsen, bekam ich die Musik quasi bereits in die Wiege gelegt. <br>Bereits mit 5 Jahren erhielt ich ersten Klavierunterricht, sang als Kind in der Kurrende und sp\u00e4ter im Chor. Mit 13 begann ich Oboe zu lernen und mich f\u00fcr Holzblasinstrumente zu interessieren.<br>Damals w\u00e4re ich auch gern Instrumentenbauer geworden, aber es war in der DDR kaum m\u00f6glich, daf\u00fcr eine Lehrstelle zu bekommen. <br>Seit 1984 begann ich mit Freunden mittelalterliche Musikinstrumente zu bauen und zu spielen. Daraus entstand das Ensemble <a rel=\"noreferrer noopener\" href=\"https:\/\/www.asinamusic.com\/de\/ioculatores\/\" data-type=\"URL\" data-id=\"https:\/\/www.asinamusic.com\/de\/ioculatores\/\" target=\"_blank\">IOCULATORES<\/a>, welches bis heute meine musikalischen Interessen sehr gepr\u00e4gt hat.<br>Nach der Schulzeit besuchte ich ein Jahr das Kirchenmusikalische Seminar in Halberstadt, lernte dort Orgel und Chorleitung. <br>Nach einer handwerklichen Lehre als Metallmodellbauer studierte ich von 1991 bis 1997 an der Leipziger Musikhochschule, Saxophon und Jazz. <br>W\u00e4hrend des Studiums begann ich au\u00dferdem als Tonmeister zu arbeiten und gr\u00fcndete 1993 das Label RAUMKLANG.<br>Heute spiele ich Schalmei und singe mit dem montalb\u00e2ne ensemble immer noch sehr gerne mittelalterliche Musik, dabei gewinnt die Gregorianik und die Begeisterung f\u00fcr s\u00fcdeurop\u00e4ische Polyphonie (Korsika, Sardinien, Georgien) eine immer gr\u00f6\u00dfere Bedeutung f\u00fcr mich. <br>Das Saxophon (Alt &amp;Sopran) und die Bassklarinette sind meine Instrumente f\u00fcr improvisierte Musik, ob im Ensemble, solistisch oder als Begleitung f\u00fcr Stummfilme.<\/p>\n","protected":false},"excerpt":{"rendered":"<p>Saxophon Improvisation zu Ges\u00e4ngen des montalb\u00e2ne ensembles Saxophon Improvisation zu Bachs Gambensonate mit dem Trio Johannes K\u00f6nig mit dem Ensemble La Terra e Fratoj : Noemi la Terra, Tobias Rank und Dietrich Z\u00f6llner von der CD \u00bbDe Monasteria\u00ab mit dem montalb\u00e2ne ensemble Da ich das Gl\u00fcck hatte in einem musikalischen Elternhaus aufzuwachsen, bekam ich die &hellip; <a href=\"https:\/\/sebastian-pank.de\/wordpress\/musiker\/\" class=\"more-link\"><span class=\"screen-reader-text\">Musiker<\/span> weiterlesen<\/a><\/p>\n","protected":false},"author":1,"featured_media":0,"parent":0,"menu_order":0,"comment_status":"closed","ping_status":"closed","template":"","meta":{"pgc_sgb_lightbox_settings":"","footnotes":""},"class_list":["post-111","page","type-page","status-publish","hentry"],"_links":{"self":[{"href":"https:\/\/sebastian-pank.de\/wordpress\/wp-json\/wp\/v2\/pages\/111","targetHints":{"allow":["GET"]}}],"collection":[{"href":"https:\/\/sebastian-pank.de\/wordpress\/wp-json\/wp\/v2\/pages"}],"about":[{"href":"https:\/\/sebastian-pank.de\/wordpress\/wp-json\/wp\/v2\/types\/page"}],"author":[{"embeddable":true,"href":"https:\/\/sebastian-pank.de\/wordpress\/wp-json\/wp\/v2\/users\/1"}],"replies":[{"embeddable":true,"href":"https:\/\/sebastian-pank.de\/wordpress\/wp-json\/wp\/v2\/comments?post=111"}],"version-history":[{"count":13,"href":"https:\/\/sebastian-pank.de\/wordpress\/wp-json\/wp\/v2\/pages\/111\/revisions"}],"predecessor-version":[{"id":246,"href":"https:\/\/sebastian-pank.de\/wordpress\/wp-json\/wp\/v2\/pages\/111\/revisions\/246"}],"wp:attachment":[{"href":"https:\/\/sebastian-pank.de\/wordpress\/wp-json\/wp\/v2\/media?parent=111"}],"curies":[{"name":"wp","href":"https:\/\/api.w.org\/{rel}","templated":true}]}}