{"id":112,"date":"2022-10-21T10:27:31","date_gmt":"2022-10-21T08:27:31","guid":{"rendered":"http:\/\/sebastian-pank.de\/wordpress\/?page_id=112"},"modified":"2022-10-23T16:57:31","modified_gmt":"2022-10-23T14:57:31","slug":"montalbane-ensemble","status":"publish","type":"page","link":"https:\/\/sebastian-pank.de\/wordpress\/montalbane-ensemble\/","title":{"rendered":"montalb\u00e2ne ensemble"},"content":{"rendered":"\n<figure class=\"wp-block-image size-large is-resized\"><a href=\"http:\/\/sebastian-pank.de\/wp-content\/uploads\/2022\/10\/IMG_5856-scaled.jpg\"><img loading=\"lazy\" decoding=\"async\" src=\"http:\/\/sebastian-pank.de\/wp-content\/uploads\/2022\/10\/IMG_5856-1024x683.jpg\" alt=\"\" class=\"wp-image-171\" width=\"534\" height=\"356\" srcset=\"https:\/\/sebastian-pank.de\/wp-content\/uploads\/2022\/10\/IMG_5856-1024x683.jpg 1024w, https:\/\/sebastian-pank.de\/wp-content\/uploads\/2022\/10\/IMG_5856-300x200.jpg 300w, https:\/\/sebastian-pank.de\/wp-content\/uploads\/2022\/10\/IMG_5856-768x512.jpg 768w, https:\/\/sebastian-pank.de\/wp-content\/uploads\/2022\/10\/IMG_5856-1536x1024.jpg 1536w, https:\/\/sebastian-pank.de\/wp-content\/uploads\/2022\/10\/IMG_5856-2048x1365.jpg 2048w\" sizes=\"auto, (max-width: 534px) 100vw, 534px\" \/><\/a><\/figure>\n\n\n\n<p class=\"has-small-font-size\">Susanne Ansorg &#8211; Fidel \u00b7 Sebastian Pank \u00b7 Robert Weinkauf \u00b7 Dietrich Z\u00f6llner<br>Foto: Gislen Engelmann<\/p>\n\n\n\n<p>Informationen und Kontakt zum Ensemble und Festival montalb\u00e2ne finden Sie hier: <a href=\"http:\/\/www.montalbane.de\" data-type=\"URL\" data-id=\"www.montalbane.de\" target=\"_blank\" rel=\"noreferrer noopener\">www.montalbane.de<\/a><\/p>\n\n\n\n<figure class=\"wp-block-image size-large is-resized\"><a href=\"http:\/\/sebastian-pank.de\/wp-content\/uploads\/2022\/10\/MG_5496-scaled.jpg\"><img loading=\"lazy\" decoding=\"async\" src=\"http:\/\/sebastian-pank.de\/wp-content\/uploads\/2022\/10\/MG_5496-1024x683.jpg\" alt=\"\" class=\"wp-image-174\" width=\"541\" height=\"361\" srcset=\"https:\/\/sebastian-pank.de\/wp-content\/uploads\/2022\/10\/MG_5496-1024x683.jpg 1024w, https:\/\/sebastian-pank.de\/wp-content\/uploads\/2022\/10\/MG_5496-300x200.jpg 300w, https:\/\/sebastian-pank.de\/wp-content\/uploads\/2022\/10\/MG_5496-768x512.jpg 768w, https:\/\/sebastian-pank.de\/wp-content\/uploads\/2022\/10\/MG_5496-1536x1024.jpg 1536w, https:\/\/sebastian-pank.de\/wp-content\/uploads\/2022\/10\/MG_5496-2048x1365.jpg 2048w\" sizes=\"auto, (max-width: 541px) 100vw, 541px\" \/><\/a><\/figure>\n\n\n\n<p class=\"has-small-font-size\">Foto: Gislen Engelmann<\/p>\n\n\n\n<figure class=\"wp-block-image size-large is-resized\"><img loading=\"lazy\" decoding=\"async\" src=\"http:\/\/sebastian-pank.de\/wp-content\/uploads\/2022\/10\/90018_front_1500x1500-1024x1024.jpg\" alt=\"\" class=\"wp-image-222\" width=\"544\" height=\"544\" srcset=\"https:\/\/sebastian-pank.de\/wp-content\/uploads\/2022\/10\/90018_front_1500x1500-1024x1024.jpg 1024w, https:\/\/sebastian-pank.de\/wp-content\/uploads\/2022\/10\/90018_front_1500x1500-300x300.jpg 300w, https:\/\/sebastian-pank.de\/wp-content\/uploads\/2022\/10\/90018_front_1500x1500-150x150.jpg 150w, https:\/\/sebastian-pank.de\/wp-content\/uploads\/2022\/10\/90018_front_1500x1500-768x768.jpg 768w, https:\/\/sebastian-pank.de\/wp-content\/uploads\/2022\/10\/90018_front_1500x1500.jpg 1500w\" sizes=\"auto, (max-width: 544px) 100vw, 544px\" \/><\/figure>\n\n\n\n<p>die CD k\u00f6nnen Sie <a href=\"https:\/\/www.asinamusic.com\/de\/tal90018.html noreferrer noopener\" data-type=\"URL\" data-id=\"https:\/\/www.asinamusic.com\/de\/tal90018.html noreferrer noopener\" target=\"_blank\" rel=\"noreferrer noopener\">hier<\/a> bestellen<\/p>\n\n\n\n<pre class=\"wp-block-code\"><code>\n<\/code><\/pre>\n\n\n\n<iframe allow=\"autoplay *; encrypted-media *; fullscreen *; clipboard-write\" frameborder=\"0\" height=\"450\" style=\"width:100%;max-width:660px;overflow:hidden;background:transparent;\" sandbox=\"allow-forms allow-popups allow-same-origin allow-scripts allow-storage-access-by-user-activation allow-top-navigation-by-user-activation\" src=\"https:\/\/embed.music.apple.com\/de\/album\/de-monasterio\/1539210842?theme=light\"><\/iframe>\n","protected":false},"excerpt":{"rendered":"<p>Susanne Ansorg &#8211; Fidel \u00b7 Sebastian Pank \u00b7 Robert Weinkauf \u00b7 Dietrich Z\u00f6llnerFoto: Gislen Engelmann Informationen und Kontakt zum Ensemble und Festival montalb\u00e2ne finden Sie hier: www.montalbane.de Foto: Gislen Engelmann die CD k\u00f6nnen Sie hier bestellen<\/p>\n","protected":false},"author":1,"featured_media":0,"parent":0,"menu_order":0,"comment_status":"closed","ping_status":"closed","template":"","meta":{"pgc_sgb_lightbox_settings":"","footnotes":""},"class_list":["post-112","page","type-page","status-publish","hentry"],"_links":{"self":[{"href":"https:\/\/sebastian-pank.de\/wordpress\/wp-json\/wp\/v2\/pages\/112","targetHints":{"allow":["GET"]}}],"collection":[{"href":"https:\/\/sebastian-pank.de\/wordpress\/wp-json\/wp\/v2\/pages"}],"about":[{"href":"https:\/\/sebastian-pank.de\/wordpress\/wp-json\/wp\/v2\/types\/page"}],"author":[{"embeddable":true,"href":"https:\/\/sebastian-pank.de\/wordpress\/wp-json\/wp\/v2\/users\/1"}],"replies":[{"embeddable":true,"href":"https:\/\/sebastian-pank.de\/wordpress\/wp-json\/wp\/v2\/comments?post=112"}],"version-history":[{"count":7,"href":"https:\/\/sebastian-pank.de\/wordpress\/wp-json\/wp\/v2\/pages\/112\/revisions"}],"predecessor-version":[{"id":227,"href":"https:\/\/sebastian-pank.de\/wordpress\/wp-json\/wp\/v2\/pages\/112\/revisions\/227"}],"wp:attachment":[{"href":"https:\/\/sebastian-pank.de\/wordpress\/wp-json\/wp\/v2\/media?parent=112"}],"curies":[{"name":"wp","href":"https:\/\/api.w.org\/{rel}","templated":true}]}}