{"id":115,"date":"2022-10-21T10:27:31","date_gmt":"2022-10-21T08:27:31","guid":{"rendered":"http:\/\/sebastian-pank.de\/wordpress\/?page_id=115"},"modified":"2022-10-23T18:38:58","modified_gmt":"2022-10-23T16:38:58","slug":"mobile-cinema-stummfilme","status":"publish","type":"page","link":"https:\/\/sebastian-pank.de\/wordpress\/mobile-cinema-stummfilme\/","title":{"rendered":"Mobiles Kino &#038; Stummfilme"},"content":{"rendered":"\n<p>Seit 2020 bin ich mit dem Stummfilmpianisten Tobias Rank und seinem Wanderkino unterwegs in Deutschland und Europa. Es ist f\u00fcr mich eine sch\u00f6ne Erfahrung und f\u00fcr die Zuschauer und Zuh\u00f6rer ein besonderes Erlebnis, wenn improvisierte Musik mit den Stummfilmen der 20er Jahre verschmelzen, wobei die Musik dienend im Hintergrund bleibt und die Filme klingend atmosph\u00e4risch untermalt. <br>Gezeigt werden die Filme mit alten 16mm Projektoren, so dass auch das Rattern der Filmspulen zum nostalgischen Erleben beitr\u00e4gt.<br>Die Vorf\u00fchrungen k\u00f6nnen sowohl im Freien als auch in Innenr\u00e4umen veranstaltet werden. Leinwand, Projektoren, Lautsprecher und die Filme bringen wir mit.<br><br>Auf Wunsch k\u00f6nnen auch mit Beamer projizierte alte und neue Filme gezeigt werden.<\/p>\n","protected":false},"excerpt":{"rendered":"<p>Seit 2020 bin ich mit dem Stummfilmpianisten Tobias Rank und seinem Wanderkino unterwegs in Deutschland und Europa. Es ist f\u00fcr mich eine sch\u00f6ne Erfahrung und f\u00fcr die Zuschauer und Zuh\u00f6rer ein besonderes Erlebnis, wenn improvisierte Musik mit den Stummfilmen der 20er Jahre verschmelzen, wobei die Musik dienend im Hintergrund bleibt und die Filme klingend atmosph\u00e4risch &hellip; <a href=\"https:\/\/sebastian-pank.de\/wordpress\/mobile-cinema-stummfilme\/\" class=\"more-link\"><span class=\"screen-reader-text\">Mobiles Kino &#038; Stummfilme<\/span> weiterlesen<\/a><\/p>\n","protected":false},"author":1,"featured_media":0,"parent":0,"menu_order":0,"comment_status":"closed","ping_status":"closed","template":"","meta":{"pgc_sgb_lightbox_settings":"","footnotes":""},"class_list":["post-115","page","type-page","status-publish","hentry"],"_links":{"self":[{"href":"https:\/\/sebastian-pank.de\/wordpress\/wp-json\/wp\/v2\/pages\/115","targetHints":{"allow":["GET"]}}],"collection":[{"href":"https:\/\/sebastian-pank.de\/wordpress\/wp-json\/wp\/v2\/pages"}],"about":[{"href":"https:\/\/sebastian-pank.de\/wordpress\/wp-json\/wp\/v2\/types\/page"}],"author":[{"embeddable":true,"href":"https:\/\/sebastian-pank.de\/wordpress\/wp-json\/wp\/v2\/users\/1"}],"replies":[{"embeddable":true,"href":"https:\/\/sebastian-pank.de\/wordpress\/wp-json\/wp\/v2\/comments?post=115"}],"version-history":[{"count":7,"href":"https:\/\/sebastian-pank.de\/wordpress\/wp-json\/wp\/v2\/pages\/115\/revisions"}],"predecessor-version":[{"id":252,"href":"https:\/\/sebastian-pank.de\/wordpress\/wp-json\/wp\/v2\/pages\/115\/revisions\/252"}],"wp:attachment":[{"href":"https:\/\/sebastian-pank.de\/wordpress\/wp-json\/wp\/v2\/media?parent=115"}],"curies":[{"name":"wp","href":"https:\/\/api.w.org\/{rel}","templated":true}]}}